{"id":302,"date":"2014-03-05T13:13:27","date_gmt":"2014-03-05T13:13:27","guid":{"rendered":"http:\/\/podmajerzem.pl\/?page_id=302"},"modified":"2021-10-18T18:54:58","modified_gmt":"2021-10-18T18:54:58","slug":"wycieczki-szkolne-kolonie-zielone-szkoly","status":"publish","type":"page","link":"http:\/\/podmajerzem.pl\/?page_id=302","title":{"rendered":"Wycieczki szkolne, kolonie, zielone szko\u0142y"},"content":{"rendered":"<p align=\"center\"><strong><span style=\"color: #000000;\">ORGANIZATOR\u00d3W WYPOCZYNKU DLA DZIECI I M\u0141ODZIE\u017bY ZAPRASZAMY DO WSP\u00d3\u0141PRACY<\/span><\/strong><\/p>\n<p align=\"center\"><strong><br \/>\n<span style=\"color: #000000;\"><br \/>\n<\/span><\/strong><\/p>\n<p align=\"center\"><span style=\"color: #000000;\">Serdecznie zapraszamy szko\u0142y podstawowe, gimnazjalne oraz ponadpodstawowe do<br \/>\n<\/span><span style=\"color: #000000;\"><strong>Go\u015bci\u0144ca pod Majerzem<br \/>\n<\/strong>\u00a0mieszcz\u0105cego si\u0119 <\/span><span style=\"color: #000000;\">w Niedzicy<\/span>, miejscowo\u015bci turystycznej, po\u0142o\u017conej<br \/>\nu podn\u00f3\u017ca Pienin.<\/p>\n<h2 align=\"center\"><strong>Pobyt ju\u017c<br \/>\n<\/strong><\/h2>\n<h2 align=\"center\"><span style=\"color: #000000;\"><strong>\u00a0 od\u00a0\u00a0 85 z\u0142\/osobodzie\u0144<br \/>\n<\/strong><strong><span style=\"font-size: medium;\">(nocleg + \u015bniadanie + obiadokolacja)<\/span><\/strong><\/span><\/h2>\n<p align=\"center\"><span style=\"color: #000000;\">\u00a0<\/span><\/p>\n<p align=\"center\"><span style=\"color: #000000;\">Gwarantujemy smaczn\u0105 domow\u0105 kuchni\u0119.<\/span><br \/>\n<span style=\"color: #000000;\">Na ka\u017cde 15 pe\u0142nop\u0142atnych uczestnik\u00f3w 1 opiekun pobyt gratis<\/span><\/p>\n<p><strong><span style=\"color: #000000;\">\u00a0<\/span><\/strong><\/p>\n<p style=\"text-align: center;\"><span style=\"color: #000000;\">Proponujemy r\u00f3wnie\u017c wiele atrakcji rozrywkowych: dyskoteki, kuligi, ognisko z pieczeniem kie\u0142basek. Ponadto dysponujemy <\/span>sal\u0105 do zaj\u0119\u0107 dydaktycznych<br \/>\ni integracyjnych <span style=\"color: #000000;\">oraz zapewniamy pe\u0142n\u0105 pomoc i wsp\u00f3\u0142prac\u0119 przy innych organizowanych przez opiekun\u00f3w programach pobytu grupy.<\/span><\/p>\n<p align=\"center\"><span style=\"color: #000000;\">\u00a0<\/span><\/p>\n","protected":false},"excerpt":{"rendered":"<p>ORGANIZATOR\u00d3W WYPOCZYNKU DLA DZIECI I M\u0141ODZIE\u017bY ZAPRASZAMY DO WSP\u00d3\u0141PRACY Serdecznie zapraszamy szko\u0142y podstawowe, gimnazjalne oraz ponadpodstawowe do Go\u015bci\u0144ca pod Majerzem \u00a0mieszcz\u0105cego si\u0119 w Niedzicy, miejscowo\u015bci turystycznej, po\u0142o\u017conej u podn\u00f3\u017ca Pienin. [&hellip;]<\/p>\n","protected":false},"author":1,"featured_media":9,"parent":0,"menu_order":0,"comment_status":"open","ping_status":"open","template":"","meta":{"footnotes":""},"class_list":["post-302","page","type-page","status-publish","has-post-thumbnail","hentry"],"_links":{"self":[{"href":"http:\/\/podmajerzem.pl\/index.php?rest_route=\/wp\/v2\/pages\/302","targetHints":{"allow":["GET"]}}],"collection":[{"href":"http:\/\/podmajerzem.pl\/index.php?rest_route=\/wp\/v2\/pages"}],"about":[{"href":"http:\/\/podmajerzem.pl\/index.php?rest_route=\/wp\/v2\/types\/page"}],"author":[{"embeddable":true,"href":"http:\/\/podmajerzem.pl\/index.php?rest_route=\/wp\/v2\/users\/1"}],"replies":[{"embeddable":true,"href":"http:\/\/podmajerzem.pl\/index.php?rest_route=%2Fwp%2Fv2%2Fcomments&post=302"}],"version-history":[{"count":12,"href":"http:\/\/podmajerzem.pl\/index.php?rest_route=\/wp\/v2\/pages\/302\/revisions"}],"predecessor-version":[{"id":754,"href":"http:\/\/podmajerzem.pl\/index.php?rest_route=\/wp\/v2\/pages\/302\/revisions\/754"}],"wp:featuredmedia":[{"embeddable":true,"href":"http:\/\/podmajerzem.pl\/index.php?rest_route=\/wp\/v2\/media\/9"}],"wp:attachment":[{"href":"http:\/\/podmajerzem.pl\/index.php?rest_route=%2Fwp%2Fv2%2Fmedia&parent=302"}],"curies":[{"name":"wp","href":"https:\/\/api.w.org\/{rel}","templated":true}]}}