{"id":264,"date":"2014-03-04T17:29:56","date_gmt":"2014-03-04T17:29:56","guid":{"rendered":"http:\/\/podmajerzem.pl\/?page_id=264"},"modified":"2014-03-05T17:33:38","modified_gmt":"2014-03-05T17:33:38","slug":"oferta","status":"publish","type":"page","link":"https:\/\/podmajerzem.pl\/?page_id=264","title":{"rendered":"Oferta"},"content":{"rendered":"<p style=\"text-align: center;\">Nasz\u0105 <strong>ofert\u0119 kierujemy zar\u00f3wno do klient\u00f3w indywidualnych, jak i grup zorganizowanych<\/strong>.<\/p>\n<p style=\"text-align: center;\">Z przyjemno\u015bci\u0105 zorganizujemy dla Pa\u0144stwa wszelkiego rodzaju:<\/p>\n<p style=\"text-align: center;\"><strong>\u00a0*<\/strong> uroczysto\u015bci rodzinne tj. wesela, komunie, chrzciny,<\/p>\n<p style=\"text-align: center;\"><strong>*<\/strong> konferencje, szkolenia,<\/p>\n<p style=\"text-align: center;\"><strong>*<\/strong> bankiety oraz imprezy integracyjne,<\/p>\n<p style=\"text-align: center;\"><strong>*<\/strong> wycieczki szkolne, kolonie \u00a0dla dzieci i m\u0142odzie\u017cy<\/p>\n<p style=\"text-align: center;\">Ka\u017cda oferta dopasowana zostanie do Pa\u0144stwa wymaga\u0144 i oczekiwa\u0144.<br \/>\nNasz\u0105 misj\u0105 jest, by ka\u017cdy kto opuszcza nasz Go\u015bciniec wspomina\u0142 go z u\u015bmiechem i ch\u0119ci\u0105 powrotu.<br \/>\nMy ze swojej strony, do\u0142o\u017cymy wszelkich stara\u0144, by tego dokona\u0107.<\/p>\n<p style=\"text-align: center;\"><strong>Serdecznie zapraszamy do zapoznania si\u0119 z nasz\u0105 szczeg\u00f3\u0142owa ofert\u0105!<\/strong><\/p>\n","protected":false},"excerpt":{"rendered":"<p>Nasz\u0105 ofert\u0119 kierujemy zar\u00f3wno do klient\u00f3w indywidualnych, jak i grup zorganizowanych. Z przyjemno\u015bci\u0105 zorganizujemy dla Pa\u0144stwa wszelkiego rodzaju: \u00a0* uroczysto\u015bci rodzinne tj. wesela, komunie, chrzciny, * konferencje, szkolenia, * bankiety [&hellip;]<\/p>\n","protected":false},"author":1,"featured_media":296,"parent":0,"menu_order":0,"comment_status":"open","ping_status":"open","template":"","meta":{"footnotes":""},"class_list":["post-264","page","type-page","status-publish","has-post-thumbnail","hentry"],"_links":{"self":[{"href":"https:\/\/podmajerzem.pl\/index.php?rest_route=\/wp\/v2\/pages\/264","targetHints":{"allow":["GET"]}}],"collection":[{"href":"https:\/\/podmajerzem.pl\/index.php?rest_route=\/wp\/v2\/pages"}],"about":[{"href":"https:\/\/podmajerzem.pl\/index.php?rest_route=\/wp\/v2\/types\/page"}],"author":[{"embeddable":true,"href":"https:\/\/podmajerzem.pl\/index.php?rest_route=\/wp\/v2\/users\/1"}],"replies":[{"embeddable":true,"href":"https:\/\/podmajerzem.pl\/index.php?rest_route=%2Fwp%2Fv2%2Fcomments&post=264"}],"version-history":[{"count":23,"href":"https:\/\/podmajerzem.pl\/index.php?rest_route=\/wp\/v2\/pages\/264\/revisions"}],"predecessor-version":[{"id":275,"href":"https:\/\/podmajerzem.pl\/index.php?rest_route=\/wp\/v2\/pages\/264\/revisions\/275"}],"wp:featuredmedia":[{"embeddable":true,"href":"https:\/\/podmajerzem.pl\/index.php?rest_route=\/wp\/v2\/media\/296"}],"wp:attachment":[{"href":"https:\/\/podmajerzem.pl\/index.php?rest_route=%2Fwp%2Fv2%2Fmedia&parent=264"}],"curies":[{"name":"wp","href":"https:\/\/api.w.org\/{rel}","templated":true}]}}