{"id":479,"date":"2014-10-23T08:56:56","date_gmt":"2014-10-23T08:56:56","guid":{"rendered":"http:\/\/podmajerzem.pl\/?page_id=479"},"modified":"2015-10-11T19:31:36","modified_gmt":"2015-10-11T19:31:36","slug":"atrakcje-dodatkowe-stoki-narciarskie-termy-sauny","status":"publish","type":"page","link":"https:\/\/podmajerzem.pl\/?page_id=479","title":{"rendered":"Stoki narciarskie, Termy, Sauny"},"content":{"rendered":"<p><strong><span style=\"color: #000000;\">STOKI NARCIARSKIE\u2026.<\/span><\/strong><\/p>\n<p align=\"center\"><strong><span style=\"color: #000000;\">Polana Sosny &#8211; Niedzica<\/span><\/strong><br \/>\n<span style=\"color: #000000; font-size: medium;\">(3km od naszego Go\u015bci\u0144ca)<br \/>\n<\/span><span style=\"font-size: medium;\"><span style=\"color: #000000;\">O\u015brodek narciarski<strong> <\/strong><\/span><\/span><span style=\"color: #000000; font-size: medium;\">po\u0142o\u017cony na zboczu granicznego szczytu Sosny nale\u017c\u0105cego do Magury Spiskiej w miejscowo\u015bci Niedzica <\/span><span style=\"text-decoration: underline;\"><span style=\"color: #000000; font-size: medium;\">ze wspania\u0142ym i niepowtarzalnym widokiem na jezioro<\/span><span style=\"color: #000000; font-size: medium;\">,<\/span><\/span><span style=\"color: #000000; font-size: medium;\"> elektrowni\u0119 wodn\u0105 , XIV &#8211; wieczny <\/span><span style=\"text-decoration: underline;\"><span style=\"color: #000000; font-size: medium;\">Zamek<\/span><span style=\"color: #000000; font-size: medium;\"> Dunajec, <\/span><span style=\"color: #000000; font-size: medium;\">Pieniny i Tatry.<\/span><\/span><span style=\"text-decoration: underline;\"><br \/>\n<\/span><span style=\"color: #000000; font-size: medium;\">\u00a0<\/span><span style=\"font-size: medium;\"><span style=\"color: #000000;\">Na narciarzy \u00a0<\/span><\/span><span style=\"color: #000000; font-size: medium;\">i snowboardzist\u00f3w <\/span><strong><span style=\"font-size: medium;\"><span style=\"color: #000000;\">czekaj\u0105 3 wyci\u0105gi narciarskie, 7<\/span><\/span><\/strong><strong><span style=\"color: #000000; font-size: medium;\"> sztucznie na\u015bnie\u017canych<br \/>\n<\/span><span style=\"color: #000000; font-size: medium;\"> i o\u015bwietlonych <\/span><\/strong><strong><span style=\"color: #000000; font-size: medium;\">\u00a0<\/span><span style=\"color: #000000; font-size: medium;\">tras zjazdowych.<\/span><\/strong><span style=\"font-size: medium;\"><span style=\"color: #000000;\"> \u00a0<\/span><\/span><span style=\"font-size: medium;\"><span style=\"color: #000000;\">Dla najm\u0142odszych &#8211; Park Kubusia. Od g\u00f3rnej stacji najd\u0142u\u017cszego wyci\u0105gu poprowadzona jest w kierunku Kacwina <strong>narciarska trasa biegowa<\/strong><\/span><\/span><strong><span style=\"color: #000000; font-size: medium;\">&#8211; jedyna w okolicy<\/span><\/strong><span style=\"color: #000000; font-size: medium;\">, licz\u0105ca 8 km d\u0142ugo\u015bci. Przy dolnej stacji wyci\u0105gu dzia\u0142aj\u0105 stylowe g\u00f3rskie sza\u0142asy gastronomiczne, opieka GOPR.<br \/>\n<\/span><span style=\"color: #000000; font-size: medium;\"> Karnet 5-godzinny dla osoby doros\u0142ej to koszt ok 45 z\u0142.<\/span><\/p>\n<p><strong><span style=\"color: #000000; font-size: medium;\">\u00a0<\/span><\/strong><\/p>\n<p align=\"center\"><strong><span style=\"color: #000000; font-size: medium;\">Czorsztyn Ski -Kluszkowce<\/span><\/strong><span style=\"color: #000000; font-size: medium;\"><br \/>\n<\/span><span style=\"color: #000000; font-size: medium;\"> (odleg\u0142o\u015b\u0107 od Go\u015bci\u0144ca ok 15km)<br \/>\nKompleks <\/span><a title=\"Trasa narciarska\" href=\"http:\/\/pl.wikipedia.org\/wiki\/Trasa_narciarska\"><span style=\"font-size: medium;\">tras narciarskich<\/span><\/a><span style=\"color: #000000; font-size: medium;\"> po\u0142o\u017cony na p\u00f3\u0142nocnych i zachodnich <\/span><a title=\"Stok (geomorfologia)\" href=\"http:\/\/pl.wikipedia.org\/wiki\/Stok_(geomorfologia)\"><span style=\"font-size: medium;\">zboczach<\/span><\/a><span style=\"color: #000000; font-size: medium;\"> g\u00f3ry <\/span><a title=\"Wd\u017car\" href=\"http:\/\/pl.wikipedia.org\/wiki\/Wd%C5%BCar\"><span style=\"font-size: medium;\">Wd\u017car<\/span><\/a><span style=\"color: #000000; font-size: medium;\"> .<br \/>\n<\/span><span style=\"color: #000000; font-size: medium;\"> W ofercie znajduje <\/span><strong><span style=\"color: #000000; font-size: medium;\">si\u0119 8 tras zjazdowych<\/span><\/strong><span style=\"color: #000000; font-size: medium;\"> o \u0142\u0105cznej d\u0142ugo\u015bci ok <\/span><span style=\"color: #000000; font-size: medium;\">\u00a0<\/span><span style=\"color: #000000; font-size: medium;\">4500 m. Wszystkie trasy s\u0105 sztucznie do\u015bnie\u017cane i o\u015bwietlone,\u00a0 co pozwala na bezpieczne korzystanie z tras zjazdowych, nawet do p\u00f3\u017anych godzin nocnych. \u00a0<\/span><span style=\"text-decoration: underline;\"><span style=\"color: #000000; font-size: medium;\">Stacja wyposa\u017cona w 4 wyci\u0105gi orczykowe<br \/>\n<\/span><span style=\"color: #000000; font-size: medium;\"> \u00a0i 2 krzese\u0142kowe.<\/span><\/span><span style=\"color: #000000;\"><span style=\"font-size: medium;\">Narciarze jak i snowboardzi\u015bci spotkaj\u0105 tutaj trasy zjazdowe o zr\u00f3\u017cnicowanym poziomie trudno\u015bci od trudnej po \u0142atw\u0105 i przeznaczon\u0105 dla dzieci. Najd\u0142u\u017csza trasa ma 1200 metr\u00f3w odpowiednia jest ona dla \u015bredniozaawansowanych narciarzy. Czerwona i najtrudniejsza ze wszystkich tras ma 1000 metr\u00f3w, posiada homologacj\u0119 FIS, odbywa si\u0119 na niej wiele zaw\u00f3d.<\/span><\/span><span style=\"color: #000000; font-size: medium;\">.<br \/>\n<\/span><span style=\"color: #000000; font-size: medium;\">Karnet 4-godzinny dla osoby doros\u0142ej to koszt ok 55 z\u0142.<\/span><\/p>\n<p><strong><span style=\"color: #000000;\">\u00a0<\/span><\/strong><\/p>\n<p><strong><span style=\"color: #000000;\">TERMY, BASENY, SAUNY\u2026.<\/span><\/strong><\/p>\n<p align=\"center\"><strong><span style=\"color: #000000;\">Terma Bia\u0142ka Tatrza\u0144ska<br \/>\n<\/span><\/strong><span style=\"font-size: medium;\"><span style=\"color: #000000;\">(odleg\u0142o\u015b\u0107 od Go\u015bci\u0144ca ok\u00a0 <\/span><\/span><span style=\"color: #000000; font-size: medium;\">22km<\/span><strong><span style=\"color: #000000; font-size: medium;\">)<\/span><\/strong><span style=\"color: #000000; font-size: medium;\"><br \/>\n<\/span><span style=\"color: #000000; font-size: medium;\">\u00a0<\/span><span style=\"color: #000000; font-size: medium;\">Kompleks obejmuje <\/span><span style=\"color: #000000; font-size: medium;\">baseny z wod\u0105 termaln\u0105, zje\u017cd\u017calnie zewn\u0119trzne<br \/>\n<\/span><span style=\"color: #000000; font-size: medium;\"> o \u0142\u0105cznej d\u0142ugo\u015bci blisko 300m, <\/span><span style=\"color: #000000; font-size: medium;\">\u00a0<\/span><span style=\"color: #000000; font-size: medium;\">saunarium oraz Instytut Wellness &amp; SPA.<br \/>\n<\/span><span style=\"color: #000000; font-size: medium;\">Obiekt podzielony jest na dwie strefy basenowe: g\u0142o\u015bn\u0105 i cich\u0105. W tej pierwszej dzieci, m\u0142odzie\u017c<br \/>\n<\/span><span style=\"color: #000000; font-size: medium;\"> i doro\u015bli mog\u0105 korzysta\u0107 ze wszystkich atrakcji wodnego parku rozrywki. Strefa cicha<br \/>\n<\/span><span style=\"color: #000000; font-size: medium;\">\u00a0<\/span><span style=\"color: #000000; font-size: medium;\">to kr\u00f3lestwo harmonii i odpr\u0119\u017cenia. Pe\u0142ni\u0119 relaksu zapewniaj\u0105 baseny z wod\u0105 termaln\u0105, gejzery, stacje masa\u017cu dennego i bocznego, armatki i kaskady wodne, wodospady oraz jacuzzi na ca\u0142ej d\u0142ugo\u015bci linii brzegowej.<\/span><br \/>\n<span style=\"color: #000000; font-size: medium;\">Bilet wst\u0119pu na baseny na 2, 5 h do strefy podstawowej na baseny 49 z\u0142\/ os. doros\u0142a, 39 dzieci do 12 lat.*<\/span><\/p>\n<p align=\"center\"><strong><span style=\"color: #000000; font-size: medium;\">\u00a0<\/span><\/strong><\/p>\n<p align=\"center\"><strong><span style=\"color: #000000; font-size: medium;\">Terma Bukowina w Bukowinie Tatrza\u0144skiej<br \/>\n<\/span><\/strong><span style=\"font-size: medium;\"><span style=\"color: #000000;\">(odleg\u0142o\u015b\u0107 od Go\u015bci\u0144ca ok\u00a0 <\/span><\/span><span style=\"color: #000000; font-size: medium;\">26km<\/span><strong><span style=\"color: #000000; font-size: medium;\">)<br \/>\n<\/span><\/strong><span style=\"color: #000000; font-size: medium;\">Kompleks sk\u0142adaj\u0105cy si\u0119 z 12 basen\u00f3w z wod\u0105 o temperaturze 28-36\u00b0C. Dla spragnionych przygotowano specjaln\u0105 zje\u017cd\u017calni\u0119, a dla najm\u0142odszych specjalne brodziki. Na terenie kompleksu znajduje si\u0119 r\u00f3wnie\u017c 8 saun.<br \/>\n<\/span><span style=\"font-size: medium;\"><span style=\"color: #000000;\">Bilet wst\u0119pu na Termy Bukovina \u2013 na 2, 5 h \u00a0<\/span><\/span><span style=\"color: #000000; font-size: medium;\">koszt 49 z\u0142\/ os. doros\u0142a<\/span><\/p>\n","protected":false},"excerpt":{"rendered":"<p>STOKI NARCIARSKIE\u2026. Polana Sosny &#8211; Niedzica (3km od naszego Go\u015bci\u0144ca) O\u015brodek narciarski po\u0142o\u017cony na zboczu granicznego szczytu Sosny nale\u017c\u0105cego do Magury Spiskiej w miejscowo\u015bci Niedzica ze wspania\u0142ym i niepowtarzalnym widokiem [&hellip;]<\/p>\n","protected":false},"author":1,"featured_media":162,"parent":0,"menu_order":0,"comment_status":"open","ping_status":"open","template":"","meta":{"footnotes":""},"class_list":["post-479","page","type-page","status-publish","has-post-thumbnail","hentry"],"_links":{"self":[{"href":"https:\/\/podmajerzem.pl\/index.php?rest_route=\/wp\/v2\/pages\/479","targetHints":{"allow":["GET"]}}],"collection":[{"href":"https:\/\/podmajerzem.pl\/index.php?rest_route=\/wp\/v2\/pages"}],"about":[{"href":"https:\/\/podmajerzem.pl\/index.php?rest_route=\/wp\/v2\/types\/page"}],"author":[{"embeddable":true,"href":"https:\/\/podmajerzem.pl\/index.php?rest_route=\/wp\/v2\/users\/1"}],"replies":[{"embeddable":true,"href":"https:\/\/podmajerzem.pl\/index.php?rest_route=%2Fwp%2Fv2%2Fcomments&post=479"}],"version-history":[{"count":10,"href":"https:\/\/podmajerzem.pl\/index.php?rest_route=\/wp\/v2\/pages\/479\/revisions"}],"predecessor-version":[{"id":524,"href":"https:\/\/podmajerzem.pl\/index.php?rest_route=\/wp\/v2\/pages\/479\/revisions\/524"}],"wp:featuredmedia":[{"embeddable":true,"href":"https:\/\/podmajerzem.pl\/index.php?rest_route=\/wp\/v2\/media\/162"}],"wp:attachment":[{"href":"https:\/\/podmajerzem.pl\/index.php?rest_route=%2Fwp%2Fv2%2Fmedia&parent=479"}],"curies":[{"name":"wp","href":"https:\/\/api.w.org\/{rel}","templated":true}]}}