{"id":69,"date":"2012-09-03T21:03:02","date_gmt":"2012-09-03T21:03:02","guid":{"rendered":"http:\/\/podmajerzem.pl\/?page_id=69"},"modified":"2014-02-27T12:50:46","modified_gmt":"2014-02-27T12:50:46","slug":"o-nas","status":"publish","type":"page","link":"https:\/\/podmajerzem.pl\/?page_id=69","title":{"rendered":"O nas"},"content":{"rendered":"<p style=\"text-align: center;\"><strong>Go\u015bciniec pod Majerzem<\/strong> to wyj\u0105tkowe miejsce,<br \/>\nkt\u00f3re zosta\u0142o stworzone z my\u015bl\u0105 o zapewnieniu swoim klientom przyjemnej atmosfery odpr\u0119\u017cenia i relaksu.<\/p>\n<p style=\"text-align: center;\">\u00a0Wychodz\u0105c naprzeciw oczekiwaniom go\u015bci,\u00a0Go\u015bciniec\u00a0przeszed\u0142 generalny remont budynku g\u0142\u00f3wnego oraz\u00a0mieszcz\u0105cej si\u0119\u00a0 w nim restauracji w 2012 roku\u00a0 .<\/p>\n<p style=\"text-align: center;\">Poza restauracj\u0105 na terenie Go\u015bci\u0144ca znajduje si\u0119 sala bankietowo &#8211; konferencyjn\u0105,\u00a0zadaszone miejsce na grilla, \u00a0jak r\u00f3wnie\u017c w\u0142asny parking.<\/p>\n<p style=\"text-align: center;\">Naszym celem jest stworzenie miejsca wypoczynku dla os\u00f3b indywidualnych, rodzin<br \/>\nz dzie\u0107mi oraz grup zorganizowanych, kt\u00f3re oferuje przyjemn\u0105 atmosfer\u0119,<br \/>\nsporo atrakcji dodatkowych, wysoki standard us\u0142ug noclegowych oraz gastronomicznych.<\/p>\n<p style=\"text-align: center;\">Zadbamy o to, aby Pa\u0144stwa pobyt by\u0142 nietuzinkowy, gwarantowa\u0142 przyjemny wypoczynek oraz smaczne posi\u0142ki, jak r\u00f3wnie\u017c mo\u017cliwo\u015b\u0107 poznania okolicy.<br \/>\nZawsze jeste\u015bmy do Pa\u0144stwa dyspozycji.<\/p>\n<p style=\"text-align: center;\"><strong>Serdecznie zapraszamy do skorzystania z naszej oferty!<\/strong><\/p>\n","protected":false},"excerpt":{"rendered":"<p>Go\u015bciniec pod Majerzem to wyj\u0105tkowe miejsce, kt\u00f3re zosta\u0142o stworzone z my\u015bl\u0105 o zapewnieniu swoim klientom przyjemnej atmosfery odpr\u0119\u017cenia i relaksu. \u00a0Wychodz\u0105c naprzeciw oczekiwaniom go\u015bci,\u00a0Go\u015bciniec\u00a0przeszed\u0142 generalny remont budynku g\u0142\u00f3wnego oraz\u00a0mieszcz\u0105cej si\u0119\u00a0 [&hellip;]<\/p>\n","protected":false},"author":1,"featured_media":253,"parent":0,"menu_order":0,"comment_status":"open","ping_status":"open","template":"","meta":{"footnotes":""},"class_list":["post-69","page","type-page","status-publish","has-post-thumbnail","hentry"],"_links":{"self":[{"href":"https:\/\/podmajerzem.pl\/index.php?rest_route=\/wp\/v2\/pages\/69","targetHints":{"allow":["GET"]}}],"collection":[{"href":"https:\/\/podmajerzem.pl\/index.php?rest_route=\/wp\/v2\/pages"}],"about":[{"href":"https:\/\/podmajerzem.pl\/index.php?rest_route=\/wp\/v2\/types\/page"}],"author":[{"embeddable":true,"href":"https:\/\/podmajerzem.pl\/index.php?rest_route=\/wp\/v2\/users\/1"}],"replies":[{"embeddable":true,"href":"https:\/\/podmajerzem.pl\/index.php?rest_route=%2Fwp%2Fv2%2Fcomments&post=69"}],"version-history":[{"count":15,"href":"https:\/\/podmajerzem.pl\/index.php?rest_route=\/wp\/v2\/pages\/69\/revisions"}],"predecessor-version":[{"id":124,"href":"https:\/\/podmajerzem.pl\/index.php?rest_route=\/wp\/v2\/pages\/69\/revisions\/124"}],"wp:featuredmedia":[{"embeddable":true,"href":"https:\/\/podmajerzem.pl\/index.php?rest_route=\/wp\/v2\/media\/253"}],"wp:attachment":[{"href":"https:\/\/podmajerzem.pl\/index.php?rest_route=%2Fwp%2Fv2%2Fmedia&parent=69"}],"curies":[{"name":"wp","href":"https:\/\/api.w.org\/{rel}","templated":true}]}}